{"id":132,"date":"2015-11-03T09:26:16","date_gmt":"2015-11-03T08:26:16","guid":{"rendered":"http:\/\/www.reves-daten.de.preview02.vtserver.de\/cms\/wordpress\/?page_id=132"},"modified":"2020-01-29T11:24:31","modified_gmt":"2020-01-29T10:24:31","slug":"regattasoftware","status":"publish","type":"page","link":"https:\/\/www.reves-online.de\/cms\/wordpress\/regattasoftware\/","title":{"rendered":"Regattasoftware"},"content":{"rendered":"<p>Mit dem ReVeS-Programmpaket kann eine Kanuregatta einfach und unkompliziert abgewickelt werden. Angefangen bei der Meldung der Sportler durch die Trainer\/Vereine, \u00fcber die Zeitplan- und Programmerstellung bishin zur Durchf\u00fchrung der Veranstaltung inkl. der Startgeldabrechnung, automatischen \u00dcbernahme der Ergebnisse aus der ReVeS-Zeitnahme &#8211; dieses kann alles mit der ReVeS-RegattaVerwaltung erledigt werden!<\/p>\n<p>Im Wesentlichen besteht das Paket aus folgenden\u00a0Komponenten:<\/p>\n<ul>\n<li><a href=\"http:\/\/www.reves-daten.de.preview02.vtserver.de\/cms\/wordpress\/das-meldeprogramm\/\" rel=\"attachment wp-att-256\"><img loading=\"lazy\" decoding=\"async\" class=\"alignnone size-full wp-image-256\" src=\"http:\/\/www.reves-daten.de.preview02.vtserver.de\/cms\/wordpress\/wp-content\/uploads\/2015\/11\/Icon_Melde.png\" alt=\"Icon_Melde\" width=\"32\" height=\"32\" \/><\/a>Dem <a href=\"http:\/\/www.reves-online.de\/cms\/wordpress\/das-meldeprogramm\/\">Meldeprogramm<\/a>: Mit diesem ist eine einfache und sichere Meldung der Sportler durch die Vereinstrainer inkl. dem Versand der Meldedatei an die Regattaveranstalter m\u00f6glich.<\/li>\n<li><a href=\"http:\/\/www.reves-daten.de.preview02.vtserver.de\/cms\/wordpress\/die-regattaverwaltung\/\" rel=\"attachment wp-att-257\"><img loading=\"lazy\" decoding=\"async\" class=\"alignnone size-full wp-image-257\" src=\"http:\/\/www.reves-daten.de.preview02.vtserver.de\/cms\/wordpress\/wp-content\/uploads\/2015\/11\/Icon_Verwaltung.png\" alt=\"Icon_Verwaltung\" width=\"32\" height=\"32\" \/><\/a>Dem <a href=\"http:\/\/www.reves-online.de\/cms\/wordpress\/die-regattaverwaltung\/\">Verwaltungsprogramm<\/a>: Das Verwaltungsprogramm ist die zentrale Komponente zur Durchf\u00fchrung einer Kanuregatta: Zeitplanerstellung, Meldungen einlesen, Programmverlosung, Ergebniseingabe, Startgeldabrechnung, Kampfrichterverwaltung, Zeitplatzverwaltung etc.<\/li>\n<li><a href=\"http:\/\/www.reves-daten.de.preview02.vtserver.de\/cms\/wordpress\/die-zeitnahme\/\" rel=\"attachment wp-att-258\"><img loading=\"lazy\" decoding=\"async\" class=\"alignnone size-full wp-image-258\" src=\"http:\/\/www.reves-daten.de.preview02.vtserver.de\/cms\/wordpress\/wp-content\/uploads\/2015\/11\/Icon_Zeit.png\" alt=\"Icon_Zeit\" width=\"34\" height=\"32\" \/><\/a>Optional kann die <a href=\"http:\/\/www.reves-online.de\/cms\/wordpress\/die-zeitnahme\/\">ReVeS-Zeitnahme<\/a> eingesetzt werden. Mit der Zeitnahme k\u00f6nnen einfach und flexibel Zeiten erfasst, Ergebnisse eingebeben und automatisch an die Verwaltung \u00fcbergeben werden.<\/li>\n<\/ul>\n","protected":false},"excerpt":{"rendered":"<p>Mit dem ReVeS-Programmpaket kann eine Kanuregatta einfach und unkompliziert abgewickelt werden. Angefangen bei der Meldung der Sportler durch die Trainer\/Vereine, \u00fcber die Zeitplan- und Programmerstellung bishin zur Durchf\u00fchrung der Veranstaltung inkl. der Startgeldabrechnung, automatischen \u00dcbernahme der Ergebnisse aus der ReVeS-Zeitnahme &hellip;<\/p>\n<p class=\"read-more\"> <a class=\"more-link\" href=\"https:\/\/www.reves-online.de\/cms\/wordpress\/regattasoftware\/\"> <span class=\"screen-reader-text\">Regattasoftware<\/span> Weiterlesen &raquo;<\/a><\/p>\n","protected":false},"author":1,"featured_media":0,"parent":0,"menu_order":0,"comment_status":"closed","ping_status":"closed","template":"full-width-page.php","meta":{"_crdt_document":"","footnotes":""},"class_list":["post-132","page","type-page","status-publish","hentry"],"_links":{"self":[{"href":"https:\/\/www.reves-online.de\/cms\/wordpress\/wp-json\/wp\/v2\/pages\/132","targetHints":{"allow":["GET"]}}],"collection":[{"href":"https:\/\/www.reves-online.de\/cms\/wordpress\/wp-json\/wp\/v2\/pages"}],"about":[{"href":"https:\/\/www.reves-online.de\/cms\/wordpress\/wp-json\/wp\/v2\/types\/page"}],"author":[{"embeddable":true,"href":"https:\/\/www.reves-online.de\/cms\/wordpress\/wp-json\/wp\/v2\/users\/1"}],"replies":[{"embeddable":true,"href":"https:\/\/www.reves-online.de\/cms\/wordpress\/wp-json\/wp\/v2\/comments?post=132"}],"version-history":[{"count":5,"href":"https:\/\/www.reves-online.de\/cms\/wordpress\/wp-json\/wp\/v2\/pages\/132\/revisions"}],"predecessor-version":[{"id":383,"href":"https:\/\/www.reves-online.de\/cms\/wordpress\/wp-json\/wp\/v2\/pages\/132\/revisions\/383"}],"wp:attachment":[{"href":"https:\/\/www.reves-online.de\/cms\/wordpress\/wp-json\/wp\/v2\/media?parent=132"}],"curies":[{"name":"wp","href":"https:\/\/api.w.org\/{rel}","templated":true}]}}