{"id":179,"date":"2015-12-05T00:14:47","date_gmt":"2015-12-04T23:14:47","guid":{"rendered":"http:\/\/www.reves-daten.de.preview02.vtserver.de\/cms\/wordpress\/?page_id=179"},"modified":"2020-01-29T11:24:31","modified_gmt":"2020-01-29T10:24:31","slug":"reinhold-dohmen-meldeprogrammprogrammierung","status":"publish","type":"page","link":"https:\/\/www.reves-online.de\/cms\/wordpress\/reinhold-dohmen-meldeprogrammprogrammierung\/","title":{"rendered":"Reinhold Dohmen"},"content":{"rendered":"<p><a href=\"http:\/\/www.reves-daten.de.preview02.vtserver.de\/cms\/wordpress\/wp-content\/uploads\/2015\/12\/team_reinhold.jpg\" rel=\"attachment wp-att-216\"><img loading=\"lazy\" decoding=\"async\" class=\"size-full wp-image-216 alignleft\" src=\"http:\/\/www.reves-daten.de.preview02.vtserver.de\/cms\/wordpress\/wp-content\/uploads\/2015\/12\/team_reinhold.jpg\" alt=\"team_reinhold\" width=\"148\" height=\"200\" srcset=\"https:\/\/www.reves-online.de\/cms\/wordpress\/wp-content\/uploads\/2015\/12\/team_reinhold.jpg 148w, https:\/\/www.reves-online.de\/cms\/wordpress\/wp-content\/uploads\/2015\/12\/team_reinhold-100x135.jpg 100w\" sizes=\"auto, (max-width: 148px) 100vw, 148px\" \/><\/a>Er ist der Druckerspezialist im ReVeS-Team. Er hat f\u00fcr die neue Windowsversion die Reports geschrieben. Dazu hat er auf die bew\u00e4hrte Plattform von Crystal Reports zur\u00fcckgegriffen. Er programmiert dabei nicht nur das Erscheinungsbild auf Papier sondern mit diesen Reports k\u00f6nnen auch beliebig viele Ausgabemedien bedient werde. Sei es der Export ins plattformunabh\u00e4ngige PDF-Format oder der direkte Export ins HTML-Format f\u00fcr die Bereitstellung der Daten im Internet.<\/p>\n<p>Besonders die Vielzahl der Drucker hat es dem gelernten Industrie-Kaufmann angetan. Und so probiert er jeden neuen Drucker f\u00fcr die ReVeS-Anwendung sofort aus und ist der Ansprechpartner bei Druckerproblemen jeder Art.<\/p>\n<p>Die ersten ReVeS-Programmversionen stammen aus seiner &#8222;Programm-Feder&#8220;. Auch heute probiert er immer noch aktuelle Programmsprachen- und System aus, um sie eventuell f\u00fcr ReVeS nutzbar zu machen.<\/p>\n<p>So ist es auch nicht verwunderlich wenn er immer neue Anwendungsgebiete f\u00fcr seine Datenbankreports entwickelt.<\/p>\n<p>Seine Regattaerfahrung nutzt er im Canu Club Emsdetten als Vorstandsmitglied und Regattaleiter der &#8222;Kanuregatta Emsdetten&#8220;.<\/p>\n<p>48282 Emsdetten<br \/>\nNachtigallenweg 13<br \/>\nTelefon: 025 72 \/ 92 333 16<br \/>\nE-Mail:<\/p>\n","protected":false},"excerpt":{"rendered":"<p>Er ist der Druckerspezialist im ReVeS-Team. Er hat f\u00fcr die neue Windowsversion die Reports geschrieben. Dazu hat er auf die bew\u00e4hrte Plattform von Crystal Reports zur\u00fcckgegriffen. Er programmiert dabei nicht nur das Erscheinungsbild auf Papier sondern mit diesen Reports k\u00f6nnen &hellip;<\/p>\n<p class=\"read-more\"> <a class=\"more-link\" href=\"https:\/\/www.reves-online.de\/cms\/wordpress\/reinhold-dohmen-meldeprogrammprogrammierung\/\"> <span class=\"screen-reader-text\">Reinhold Dohmen<\/span> Weiterlesen &raquo;<\/a><\/p>\n","protected":false},"author":1,"featured_media":0,"parent":0,"menu_order":0,"comment_status":"closed","ping_status":"closed","template":"full-width-page.php","meta":{"_crdt_document":"","footnotes":""},"class_list":["post-179","page","type-page","status-publish","hentry"],"_links":{"self":[{"href":"https:\/\/www.reves-online.de\/cms\/wordpress\/wp-json\/wp\/v2\/pages\/179","targetHints":{"allow":["GET"]}}],"collection":[{"href":"https:\/\/www.reves-online.de\/cms\/wordpress\/wp-json\/wp\/v2\/pages"}],"about":[{"href":"https:\/\/www.reves-online.de\/cms\/wordpress\/wp-json\/wp\/v2\/types\/page"}],"author":[{"embeddable":true,"href":"https:\/\/www.reves-online.de\/cms\/wordpress\/wp-json\/wp\/v2\/users\/1"}],"replies":[{"embeddable":true,"href":"https:\/\/www.reves-online.de\/cms\/wordpress\/wp-json\/wp\/v2\/comments?post=179"}],"version-history":[{"count":3,"href":"https:\/\/www.reves-online.de\/cms\/wordpress\/wp-json\/wp\/v2\/pages\/179\/revisions"}],"predecessor-version":[{"id":220,"href":"https:\/\/www.reves-online.de\/cms\/wordpress\/wp-json\/wp\/v2\/pages\/179\/revisions\/220"}],"wp:attachment":[{"href":"https:\/\/www.reves-online.de\/cms\/wordpress\/wp-json\/wp\/v2\/media?parent=179"}],"curies":[{"name":"wp","href":"https:\/\/api.w.org\/{rel}","templated":true}]}}