{"id":18,"date":"2015-09-22T12:05:35","date_gmt":"2015-09-22T10:05:35","guid":{"rendered":"http:\/\/www.reves-daten.de.preview02.vtserver.de\/cms\/wordpress\/?page_id=18"},"modified":"2020-01-29T11:24:31","modified_gmt":"2020-01-29T10:24:31","slug":"das-meldeprogramm","status":"publish","type":"page","link":"https:\/\/www.reves-online.de\/cms\/wordpress\/das-meldeprogramm\/","title":{"rendered":"Meldeprogramm"},"content":{"rendered":"<p><strong><a href=\"http:\/\/www.reves-daten.de.preview02.vtserver.de\/cms\/wordpress\/wp-content\/uploads\/2015\/11\/Icon_Melde.png\" rel=\"attachment wp-att-256\"><img loading=\"lazy\" decoding=\"async\" class=\"alignnone size-full wp-image-256\" src=\"http:\/\/www.reves-daten.de.preview02.vtserver.de\/cms\/wordpress\/wp-content\/uploads\/2015\/11\/Icon_Melde.png\" alt=\"Icon_Melde\" width=\"32\" height=\"32\" \/><\/a>Schluss mit dem m\u00fchevollen Schreiben von Regattameldungen. Mit Hilfe des ReVeS-Meldeprogramm werden schnell, \u00fcbersichtlich und fehlerfrei die Regattameldungen erstellt.<\/strong><\/p>\n<p>Nutznie\u00dfer sind alle Regattabeteiligten.<br \/>\n\u2022F\u00fcr die Obleute geht das Melden deutlich schneller und einfacher.<br \/>\n\u2022Der Regattaveranstalter bekommt deutlich lesbare und korrekte Regatta-Meldungen.<br \/>\n\u2022Die Sportler finden ihren Namen richtig geschrieben in Programm und Ergebnisliste wieder.<\/p>\n<p>Regattaveranstalter, die das ReVeS RegattaVerwaltungsSystem nutzen, k\u00f6nnen die Meldediskette oder E-Mail-Dateien direkt einlesen und fehlerfrei verarbeiten (einschlie\u00dflich der Ersatzmeldungen und Renngemeinschaften).<\/p>\n<p><strong>Und so funktioniert es!<a href=\"http:\/\/www.reves-daten.de.preview02.vtserver.de\/cms\/wordpress\/wp-content\/uploads\/2015\/12\/melde02.png\" rel=\"attachment wp-att-238\"><img loading=\"lazy\" decoding=\"async\" class=\"size-medium wp-image-238 alignright\" src=\"http:\/\/www.reves-daten.de.preview02.vtserver.de\/cms\/wordpress\/wp-content\/uploads\/2015\/12\/melde02-300x184.png\" alt=\"melde02\" width=\"300\" height=\"184\" srcset=\"https:\/\/www.reves-online.de\/cms\/wordpress\/wp-content\/uploads\/2015\/12\/melde02-300x184.png 300w, https:\/\/www.reves-online.de\/cms\/wordpress\/wp-content\/uploads\/2015\/12\/melde02-768x470.png 768w, https:\/\/www.reves-online.de\/cms\/wordpress\/wp-content\/uploads\/2015\/12\/melde02-1024x627.png 1024w, https:\/\/www.reves-online.de\/cms\/wordpress\/wp-content\/uploads\/2015\/12\/melde02-100x61.png 100w, https:\/\/www.reves-online.de\/cms\/wordpress\/wp-content\/uploads\/2015\/12\/melde02-150x92.png 150w, https:\/\/www.reves-online.de\/cms\/wordpress\/wp-content\/uploads\/2015\/12\/melde02-200x123.png 200w, https:\/\/www.reves-online.de\/cms\/wordpress\/wp-content\/uploads\/2015\/12\/melde02-450x276.png 450w, https:\/\/www.reves-online.de\/cms\/wordpress\/wp-content\/uploads\/2015\/12\/melde02-600x368.png 600w, https:\/\/www.reves-online.de\/cms\/wordpress\/wp-content\/uploads\/2015\/12\/melde02-900x551.png 900w, https:\/\/www.reves-online.de\/cms\/wordpress\/wp-content\/uploads\/2015\/12\/melde02.png 1200w\" sizes=\"auto, (max-width: 300px) 100vw, 300px\" \/><\/a><\/strong><br \/>\nSoweit uns die Regattaveranstalter, \u00fcber die Fachwarte der LKV\u2019s, ihre Ausschreibungen zugesandt haben, stehen diese den Meldeprogrammanwendern aus ganz Deutschland zur Verf\u00fcgung. Ein interessanter Aspekt f\u00fcr Vereine, die auch au\u00dferhalb des eigenen Landesverbandes an Kanurennsportregatten teilnehmen. In der vergangenen Saison nutzten ca. 140 rennsporttreibende Vereine aus ganz Deutschland das ReVeS-Meldeprogramm.<br \/>\nDie Meldungen (inklusive Teilnehmerlisten) zu den einzelnen Rennen werden gedruckt.<br \/>\nDas anfallende Startgeld wird errechnet. Parallel zur gedruckten Meldung kann eine Diskette\/Datei mit den Meldedaten erstellt werden. Die Diskette wird der Meldung beigef\u00fcgt oder die Datei per E-Mail an den Ausrichter weitergeleitet. Achtung: Laut WB ist eine ausgedruckte Sammelmeldung per Post oder Fax notwendig! Die Meldedaten werden direkt im ReVeS-VerwaltungsSystem weiterverarbeitet.<\/p>\n<p><strong>Regattaausschreibungen<\/strong><br \/>\n<a href=\"http:\/\/www.reves-daten.de.preview02.vtserver.de\/cms\/wordpress\/wp-content\/uploads\/2015\/12\/melde01.png\" rel=\"attachment wp-att-237\"><img loading=\"lazy\" decoding=\"async\" class=\"size-medium wp-image-237 alignleft\" src=\"http:\/\/www.reves-daten.de.preview02.vtserver.de\/cms\/wordpress\/wp-content\/uploads\/2015\/12\/melde01-300x195.png\" alt=\"melde01\" width=\"300\" height=\"195\" srcset=\"https:\/\/www.reves-online.de\/cms\/wordpress\/wp-content\/uploads\/2015\/12\/melde01-300x195.png 300w, https:\/\/www.reves-online.de\/cms\/wordpress\/wp-content\/uploads\/2015\/12\/melde01-768x500.png 768w, https:\/\/www.reves-online.de\/cms\/wordpress\/wp-content\/uploads\/2015\/12\/melde01-1024x667.png 1024w, https:\/\/www.reves-online.de\/cms\/wordpress\/wp-content\/uploads\/2015\/12\/melde01-100x65.png 100w, https:\/\/www.reves-online.de\/cms\/wordpress\/wp-content\/uploads\/2015\/12\/melde01-150x98.png 150w, https:\/\/www.reves-online.de\/cms\/wordpress\/wp-content\/uploads\/2015\/12\/melde01-200x130.png 200w, https:\/\/www.reves-online.de\/cms\/wordpress\/wp-content\/uploads\/2015\/12\/melde01-450x293.png 450w, https:\/\/www.reves-online.de\/cms\/wordpress\/wp-content\/uploads\/2015\/12\/melde01-600x391.png 600w, https:\/\/www.reves-online.de\/cms\/wordpress\/wp-content\/uploads\/2015\/12\/melde01-900x586.png 900w, https:\/\/www.reves-online.de\/cms\/wordpress\/wp-content\/uploads\/2015\/12\/melde01.png 1129w\" sizes=\"auto, (max-width: 300px) 100vw, 300px\" \/><\/a>Auch mit einer nicht lizenzierten Version des Meldeprogramms k\u00f6nnen Regattaausschreibungen erstellt werden. Die Meldungen werden dabei auf korrekte Rennen, Zeiten und Disziplinen getestet. Es k\u00f6nnen nur fehlerfreie Ausschreibungen ver\u00f6ffentlicht werden! Die Ausschreibungen werden von uns gesammelt und ver\u00f6ffentlicht. F\u00fcr Regattaveranstalter, die das ReVeS-Verwaltungsprogramm nutzen, ist die Ver\u00f6ffentlichung im Meldeprogramm und auf unserer Internetseite kostenfrei, allen anderen Ausrichtern m\u00fcssen wir leider eine Bearbeitungsgeb\u00fchr in H\u00f6he von 30 Euro per Vorkasse berechnen.<\/p>\n<p>Vereine, die bereits das ReVeS-Meldeprogramm geordert haben, erhalten automatisch ein neues Update. Die Auslieferung erfolgt im M\u00e4rz des Regattajahres. Alle bis dahin eingetroffenen Regattaausschreibungen werden in den Regattalisten ber\u00fccksichtigt.<br \/>\nSportwarte und Trainer die bisher noch nicht mit dem Programm gearbeitet haben, bestellen das ReVeS Meldeprogramm bei:<br \/>\nThomas M\u00f6ller, Im Uhlenhook 30, 48432 Rheine<\/p>\n","protected":false},"excerpt":{"rendered":"<p>Schluss mit dem m\u00fchevollen Schreiben von Regattameldungen. Mit Hilfe des ReVeS-Meldeprogramm werden schnell, \u00fcbersichtlich und fehlerfrei die Regattameldungen erstellt. Nutznie\u00dfer sind alle Regattabeteiligten. \u2022F\u00fcr die Obleute geht das Melden deutlich schneller und einfacher. \u2022Der Regattaveranstalter bekommt deutlich lesbare und korrekte &hellip;<\/p>\n<p class=\"read-more\"> <a class=\"more-link\" href=\"https:\/\/www.reves-online.de\/cms\/wordpress\/das-meldeprogramm\/\"> <span class=\"screen-reader-text\">Meldeprogramm<\/span> Weiterlesen &raquo;<\/a><\/p>\n","protected":false},"author":1,"featured_media":0,"parent":0,"menu_order":0,"comment_status":"closed","ping_status":"closed","template":"full-width-page.php","meta":{"_crdt_document":"","footnotes":""},"class_list":["post-18","page","type-page","status-publish","hentry"],"_links":{"self":[{"href":"https:\/\/www.reves-online.de\/cms\/wordpress\/wp-json\/wp\/v2\/pages\/18","targetHints":{"allow":["GET"]}}],"collection":[{"href":"https:\/\/www.reves-online.de\/cms\/wordpress\/wp-json\/wp\/v2\/pages"}],"about":[{"href":"https:\/\/www.reves-online.de\/cms\/wordpress\/wp-json\/wp\/v2\/types\/page"}],"author":[{"embeddable":true,"href":"https:\/\/www.reves-online.de\/cms\/wordpress\/wp-json\/wp\/v2\/users\/1"}],"replies":[{"embeddable":true,"href":"https:\/\/www.reves-online.de\/cms\/wordpress\/wp-json\/wp\/v2\/comments?post=18"}],"version-history":[{"count":6,"href":"https:\/\/www.reves-online.de\/cms\/wordpress\/wp-json\/wp\/v2\/pages\/18\/revisions"}],"predecessor-version":[{"id":262,"href":"https:\/\/www.reves-online.de\/cms\/wordpress\/wp-json\/wp\/v2\/pages\/18\/revisions\/262"}],"wp:attachment":[{"href":"https:\/\/www.reves-online.de\/cms\/wordpress\/wp-json\/wp\/v2\/media?parent=18"}],"curies":[{"name":"wp","href":"https:\/\/api.w.org\/{rel}","templated":true}]}}