{"id":51,"date":"2015-09-23T16:18:18","date_gmt":"2015-09-23T14:18:18","guid":{"rendered":"http:\/\/www.reves-daten.de.preview02.vtserver.de\/cms\/wordpress\/?page_id=51"},"modified":"2018-10-27T18:43:13","modified_gmt":"2018-10-27T16:43:13","slug":"home","status":"publish","type":"page","link":"https:\/\/www.reves-online.de\/cms\/wordpress\/","title":{"rendered":"Von A wie Ausschreibung bis Z wie Zeitnahme&#8230;."},"content":{"rendered":"<p style=\"text-align: justify;\"><strong>ReVeS RegattaVerwaltungsSoftware<\/strong> \u2013 Wir bieten die passende Software f\u00fcr kleine Kanalregatten bis hin zu Meisterschaften im Kanurennsport. Neben der eigentlichen RegattaVerwaltung zur Durchf\u00fchrung der Veranstaltung bieten wir das MeldeProgramm f\u00fcr Vereine an, mit dem die Trainer und Sportwarte ihre Meldungen schreiben und direkt an den Veranstalter \u00fcbermitteln k\u00f6nnen<\/p>\n","protected":false},"excerpt":{"rendered":"<p>ReVeS RegattaVerwaltungsSoftware \u2013 Wir bieten die passende Software f\u00fcr kleine Kanalregatten bis hin zu Meisterschaften im Kanurennsport. Neben der eigentlichen RegattaVerwaltung zur Durchf\u00fchrung der Veranstaltung bieten wir das MeldeProgramm f\u00fcr Vereine an, mit dem die Trainer und Sportwarte ihre Meldungen &hellip;<\/p>\n<p class=\"read-more\"> <a class=\"more-link\" href=\"https:\/\/www.reves-online.de\/cms\/wordpress\/\"> <span class=\"screen-reader-text\">Von A wie Ausschreibung bis Z wie Zeitnahme&#8230;.<\/span> Weiterlesen &raquo;<\/a><\/p>\n","protected":false},"author":1,"featured_media":0,"parent":0,"menu_order":0,"comment_status":"closed","ping_status":"closed","template":"","meta":{"_crdt_document":"","footnotes":""},"class_list":["post-51","page","type-page","status-publish","hentry"],"_links":{"self":[{"href":"https:\/\/www.reves-online.de\/cms\/wordpress\/wp-json\/wp\/v2\/pages\/51","targetHints":{"allow":["GET"]}}],"collection":[{"href":"https:\/\/www.reves-online.de\/cms\/wordpress\/wp-json\/wp\/v2\/pages"}],"about":[{"href":"https:\/\/www.reves-online.de\/cms\/wordpress\/wp-json\/wp\/v2\/types\/page"}],"author":[{"embeddable":true,"href":"https:\/\/www.reves-online.de\/cms\/wordpress\/wp-json\/wp\/v2\/users\/1"}],"replies":[{"embeddable":true,"href":"https:\/\/www.reves-online.de\/cms\/wordpress\/wp-json\/wp\/v2\/comments?post=51"}],"version-history":[{"count":17,"href":"https:\/\/www.reves-online.de\/cms\/wordpress\/wp-json\/wp\/v2\/pages\/51\/revisions"}],"predecessor-version":[{"id":564,"href":"https:\/\/www.reves-online.de\/cms\/wordpress\/wp-json\/wp\/v2\/pages\/51\/revisions\/564"}],"wp:attachment":[{"href":"https:\/\/www.reves-online.de\/cms\/wordpress\/wp-json\/wp\/v2\/media?parent=51"}],"curies":[{"name":"wp","href":"https:\/\/api.w.org\/{rel}","templated":true}]}}