{"id":6,"date":"2015-09-21T22:07:06","date_gmt":"2015-09-21T20:07:06","guid":{"rendered":"http:\/\/www.reves-daten.de.preview02.vtserver.de\/cms\/wordpress\/?page_id=6"},"modified":"2020-01-29T11:24:31","modified_gmt":"2020-01-29T10:24:31","slug":"die-regattaverwaltung","status":"publish","type":"page","link":"https:\/\/www.reves-online.de\/cms\/wordpress\/die-regattaverwaltung\/","title":{"rendered":"RegattaVerwaltung"},"content":{"rendered":"<p><a href=\"http:\/\/www.reves-daten.de.preview02.vtserver.de\/cms\/wordpress\/wp-content\/uploads\/2015\/11\/Icon_Verwaltung.png\" rel=\"attachment wp-att-257\"><img loading=\"lazy\" decoding=\"async\" class=\"alignnone size-full wp-image-257\" src=\"http:\/\/www.reves-daten.de.preview02.vtserver.de\/cms\/wordpress\/wp-content\/uploads\/2015\/11\/Icon_Verwaltung.png\" alt=\"Icon_Verwaltung\" width=\"32\" height=\"32\" \/><\/a>Das ReVeS-RegattaVerwaltungs-Programm ist die Basis des RegattaVerwaltungsSystems.<\/p>\n<p>Urspr\u00fcnglich f\u00fcr eine kleine Kanalregatta (Emsdetten) angedacht, hat sich ReVeS im Laufe der Jahre <a href=\"http:\/\/www.reves-daten.de.preview02.vtserver.de\/cms\/wordpress\/wp-content\/uploads\/2015\/09\/verwaltung02.png\" rel=\"attachment wp-att-244\"><img loading=\"lazy\" decoding=\"async\" class=\"size-medium wp-image-244 alignright\" src=\"http:\/\/www.reves-daten.de.preview02.vtserver.de\/cms\/wordpress\/wp-content\/uploads\/2015\/09\/verwaltung02-300x216.png\" alt=\"verwaltung02\" width=\"300\" height=\"216\" srcset=\"https:\/\/www.reves-online.de\/cms\/wordpress\/wp-content\/uploads\/2015\/09\/verwaltung02-300x216.png 300w, https:\/\/www.reves-online.de\/cms\/wordpress\/wp-content\/uploads\/2015\/09\/verwaltung02-768x554.png 768w, https:\/\/www.reves-online.de\/cms\/wordpress\/wp-content\/uploads\/2015\/09\/verwaltung02-1024x738.png 1024w, https:\/\/www.reves-online.de\/cms\/wordpress\/wp-content\/uploads\/2015\/09\/verwaltung02-100x72.png 100w, https:\/\/www.reves-online.de\/cms\/wordpress\/wp-content\/uploads\/2015\/09\/verwaltung02-150x108.png 150w, https:\/\/www.reves-online.de\/cms\/wordpress\/wp-content\/uploads\/2015\/09\/verwaltung02-200x144.png 200w, https:\/\/www.reves-online.de\/cms\/wordpress\/wp-content\/uploads\/2015\/09\/verwaltung02-450x324.png 450w, https:\/\/www.reves-online.de\/cms\/wordpress\/wp-content\/uploads\/2015\/09\/verwaltung02-600x433.png 600w, https:\/\/www.reves-online.de\/cms\/wordpress\/wp-content\/uploads\/2015\/09\/verwaltung02-900x649.png 900w, https:\/\/www.reves-online.de\/cms\/wordpress\/wp-content\/uploads\/2015\/09\/verwaltung02.png 1043w\" sizes=\"auto, (max-width: 300px) 100vw, 300px\" \/><\/a>immer weiter entwickelt. Auch die Plattform hat einige Male gewechselt. Die ersten Versionen liefen auf dem legend\u00e4ren C64 von Commodore. Die erste DOS-Version basierte auf DBase-Programmierung. \u00dcber 10 Jahre war die in PDS-Basic geschrieben Version \u201eder Standard\u201c auf vielen Regattapl\u00e4tzen.<\/p>\n<p>Da ReVeS von Kanuten und Kampfrichtern aus der Szene entwickelt ist, wurde stets auf eine regattanahe Arbeitsweise Wert gelegt. ReVeS ist streng an die Wettkampfbedingungen des Deutscher Kanu-VerbandesVerwaltung_Screenshot angelehnt. Auch die Problematik h\u00e4ufig fehlender Infrastruktur an den Regattapl\u00e4tzen wurde Sorge getragen. Die Programm- und Datensicherheit von ReVeS ist stets einer der wichtigsten Punkte gewesen<\/p>\n<p>ReVeS f\u00fcr Windows<br \/>\nAb 2002 ist ReVeS f\u00fcr Windows der Standard. Mit ReVeS f\u00fcr Windows liegt ein v\u00f6llig neu \u00fcberarbeitetes Konzept vor. Dabei haben wir versucht \u00fcber 17 Jahre Erfahrung auf dem Gebiet der rechnergest\u00fctzten Regatta-Verwaltung in das \u201eneue ReVeS f\u00fcr Windows\u201c einzubringen. ReVeS basiert auf einer Access-Datenbank und ist offen auch f\u00fcr Anwendungen Dritter. Dadurch ist eine Mehrplatzf\u00e4higkeit entstanden, die durch ein ausgekl\u00fcgeltes Administrationssystem individuell an die Bed\u00fcrfnisse jeder einzelnen Kanuregatta angepasst werden kann.<\/p>\n<p>Moderne Techniken wie das Internet k\u00f6nnen eingebunden und genutzt werden. Trotzdem gibt es nur eine Programmversion, mit der sowohl die kleine Kanalregatta, die Meisterschaften oder gar internationale Regatten abzuwickeln sind.<\/p>\n<p><a href=\"http:\/\/www.reves-daten.de.preview02.vtserver.de\/cms\/wordpress\/wp-content\/uploads\/2015\/09\/verwaltung03.png\" rel=\"attachment wp-att-245\"><img loading=\"lazy\" decoding=\"async\" class=\"size-medium wp-image-245 alignleft\" src=\"http:\/\/www.reves-daten.de.preview02.vtserver.de\/cms\/wordpress\/wp-content\/uploads\/2015\/09\/verwaltung03-300x217.png\" alt=\"verwaltung03\" width=\"300\" height=\"217\" srcset=\"https:\/\/www.reves-online.de\/cms\/wordpress\/wp-content\/uploads\/2015\/09\/verwaltung03-300x217.png 300w, https:\/\/www.reves-online.de\/cms\/wordpress\/wp-content\/uploads\/2015\/09\/verwaltung03-768x554.png 768w, https:\/\/www.reves-online.de\/cms\/wordpress\/wp-content\/uploads\/2015\/09\/verwaltung03-1024x739.png 1024w, https:\/\/www.reves-online.de\/cms\/wordpress\/wp-content\/uploads\/2015\/09\/verwaltung03-100x72.png 100w, https:\/\/www.reves-online.de\/cms\/wordpress\/wp-content\/uploads\/2015\/09\/verwaltung03-150x108.png 150w, https:\/\/www.reves-online.de\/cms\/wordpress\/wp-content\/uploads\/2015\/09\/verwaltung03-200x144.png 200w, https:\/\/www.reves-online.de\/cms\/wordpress\/wp-content\/uploads\/2015\/09\/verwaltung03-450x325.png 450w, https:\/\/www.reves-online.de\/cms\/wordpress\/wp-content\/uploads\/2015\/09\/verwaltung03-600x433.png 600w, https:\/\/www.reves-online.de\/cms\/wordpress\/wp-content\/uploads\/2015\/09\/verwaltung03-900x650.png 900w, https:\/\/www.reves-online.de\/cms\/wordpress\/wp-content\/uploads\/2015\/09\/verwaltung03.png 1043w\" sizes=\"auto, (max-width: 300px) 100vw, 300px\" \/><\/a>Das Programm<br \/>\nDas Programm vereinfacht und automatisiert die Regattenverwaltung. Viele Arbeiten k\u00f6nnen schon vor der Regatta erledigt werden. Das Erfassen der eingehenden Meldungen geht recht schnell, da der gr\u00f6\u00dfte Teil aller Kanu-Rennsportler bereits namentlich in ReVeS gespeichert ist. In Kombination mit dem Meldeprogramm werden Teilnehmerfelder von 1 bis 999 Sportlern in wenigen Sekunden fehlerfrei eingelesen und verarbeitet.<\/p>\n<p>Zeitplanerstellung, Bahnverteilung und Einteilung der Rennen bei der Startverlosung gehen automatisch. Der Ausdruck der Veranstaltungsprogramme, die Startgeld- und Kampfrichterabrechnung, Ergebnisverwaltung sowie Neuverlosung der Qualifikationsrennen laufen nach festgelegten Schemata automatisch ab.<\/p>\n<p>Durch die offene Datenbankarchitektur k\u00f6nnen zuk\u00fcnftige Anforderungen schnell und einfach realisiert werden. \u00dcber entsprechende Schnittstellen Daten f\u00fcr externe Nutzer wie digitale Anzeigetafeln, Fernseheinblendungen und Internet zur Verf\u00fcgung gestellt werden.<\/p>\n<p>Bei Nutzung der ReVeS-Zeitnahme entf\u00e4llt das Eingeben der Ergebnisse, so dass der eigentliche Regattatag f\u00fcr das Regattab\u00fcro stressfrei abl\u00e4uft.<a href=\"http:\/\/www.reves-daten.de.preview02.vtserver.de\/cms\/wordpress\/wp-content\/uploads\/2015\/09\/verwaltung04.png\" rel=\"attachment wp-att-246\"><img loading=\"lazy\" decoding=\"async\" class=\"size-medium wp-image-246 alignright\" src=\"http:\/\/www.reves-daten.de.preview02.vtserver.de\/cms\/wordpress\/wp-content\/uploads\/2015\/09\/verwaltung04-300x217.png\" alt=\"verwaltung04\" width=\"300\" height=\"217\" srcset=\"https:\/\/www.reves-online.de\/cms\/wordpress\/wp-content\/uploads\/2015\/09\/verwaltung04-300x217.png 300w, https:\/\/www.reves-online.de\/cms\/wordpress\/wp-content\/uploads\/2015\/09\/verwaltung04-768x554.png 768w, https:\/\/www.reves-online.de\/cms\/wordpress\/wp-content\/uploads\/2015\/09\/verwaltung04-1024x739.png 1024w, https:\/\/www.reves-online.de\/cms\/wordpress\/wp-content\/uploads\/2015\/09\/verwaltung04-100x72.png 100w, https:\/\/www.reves-online.de\/cms\/wordpress\/wp-content\/uploads\/2015\/09\/verwaltung04-150x108.png 150w, https:\/\/www.reves-online.de\/cms\/wordpress\/wp-content\/uploads\/2015\/09\/verwaltung04-200x144.png 200w, https:\/\/www.reves-online.de\/cms\/wordpress\/wp-content\/uploads\/2015\/09\/verwaltung04-450x325.png 450w, https:\/\/www.reves-online.de\/cms\/wordpress\/wp-content\/uploads\/2015\/09\/verwaltung04-600x433.png 600w, https:\/\/www.reves-online.de\/cms\/wordpress\/wp-content\/uploads\/2015\/09\/verwaltung04-900x650.png 900w, https:\/\/www.reves-online.de\/cms\/wordpress\/wp-content\/uploads\/2015\/09\/verwaltung04.png 1043w\" sizes=\"auto, (max-width: 300px) 100vw, 300px\" \/><\/a><\/p>\n<p>Zusammen mit dem ReVeS-Meldeprogramm (\u00fcber 140mal in Deutschland eingesetzt) und der ReVeS-Zeitnahme werden seit Jahren viele kleine und gro\u00dfe Regatten bis hin zur \u201eDeutschen Meisterschaft\u201c durchgef\u00fchrt. Auch bei internationalen Regatten und kommt unser ReVeS zum Einsatz.<\/p>\n<p>Systemvoraussetzungen:<br \/>\nPentium PC, empfohlen 300 oder h\u00f6her, Windows 98\/NT4\/ME\/ XP\/2000\/Win7\/Win8, Win10 Speicheranforderung 128MB, empfohlen 256MB<\/p>\n","protected":false},"excerpt":{"rendered":"<p>Das ReVeS-RegattaVerwaltungs-Programm ist die Basis des RegattaVerwaltungsSystems. Urspr\u00fcnglich f\u00fcr eine kleine Kanalregatta (Emsdetten) angedacht, hat sich ReVeS im Laufe der Jahre immer weiter entwickelt. Auch die Plattform hat einige Male gewechselt. Die ersten Versionen liefen auf dem legend\u00e4ren C64 von &hellip;<\/p>\n<p class=\"read-more\"> <a class=\"more-link\" href=\"https:\/\/www.reves-online.de\/cms\/wordpress\/die-regattaverwaltung\/\"> <span class=\"screen-reader-text\">RegattaVerwaltung<\/span> Weiterlesen &raquo;<\/a><\/p>\n","protected":false},"author":1,"featured_media":0,"parent":0,"menu_order":0,"comment_status":"closed","ping_status":"closed","template":"full-width-page.php","meta":{"_crdt_document":"","footnotes":""},"class_list":["post-6","page","type-page","status-publish","hentry"],"_links":{"self":[{"href":"https:\/\/www.reves-online.de\/cms\/wordpress\/wp-json\/wp\/v2\/pages\/6","targetHints":{"allow":["GET"]}}],"collection":[{"href":"https:\/\/www.reves-online.de\/cms\/wordpress\/wp-json\/wp\/v2\/pages"}],"about":[{"href":"https:\/\/www.reves-online.de\/cms\/wordpress\/wp-json\/wp\/v2\/types\/page"}],"author":[{"embeddable":true,"href":"https:\/\/www.reves-online.de\/cms\/wordpress\/wp-json\/wp\/v2\/users\/1"}],"replies":[{"embeddable":true,"href":"https:\/\/www.reves-online.de\/cms\/wordpress\/wp-json\/wp\/v2\/comments?post=6"}],"version-history":[{"count":9,"href":"https:\/\/www.reves-online.de\/cms\/wordpress\/wp-json\/wp\/v2\/pages\/6\/revisions"}],"predecessor-version":[{"id":265,"href":"https:\/\/www.reves-online.de\/cms\/wordpress\/wp-json\/wp\/v2\/pages\/6\/revisions\/265"}],"wp:attachment":[{"href":"https:\/\/www.reves-online.de\/cms\/wordpress\/wp-json\/wp\/v2\/media?parent=6"}],"curies":[{"name":"wp","href":"https:\/\/api.w.org\/{rel}","templated":true}]}}